{"id":1703,"date":"2022-06-09T17:18:39","date_gmt":"2022-06-09T17:18:39","guid":{"rendered":"https:\/\/startersites.io\/elementor\/persona\/?page_id=835"},"modified":"2025-11-24T03:04:33","modified_gmt":"2025-11-24T02:04:33","slug":"about-us","status":"publish","type":"page","link":"https:\/\/glamtwisthub.it\/en\/about-us\/","title":{"rendered":"About Us"},"content":{"rendered":"<div data-elementor-type=\"wp-page\" data-elementor-id=\"1703\" class=\"elementor elementor-1703\" data-elementor-post-type=\"page\">\n\t\t\t\t<div class=\"elementor-element elementor-element-d826ad4 e-flex e-con-boxed e-con e-parent\" data-id=\"d826ad4\" data-element_type=\"container\" data-e-type=\"container\">\n\t\t\t\t\t<div class=\"e-con-inner\">\n\t\t\t\t<div class=\"elementor-element elementor-element-0c29d3c elementor-widget elementor-widget-html\" data-id=\"0c29d3c\" data-element_type=\"widget\" data-e-type=\"widget\" data-widget_type=\"html.default\">\n\t\t\t\t<div class=\"elementor-widget-container\">\n\t\t\t\t\t<h1 class=\"screen-reader-text\">About us<\/h1>\n\t\t\t\t<\/div>\n\t\t\t\t<\/div>\n\t\t\t\t<div class=\"elementor-element elementor-element-8b75548 elementor-widget elementor-widget-heading\" data-id=\"8b75548\" data-element_type=\"widget\" data-e-type=\"widget\" data-widget_type=\"heading.default\">\n\t\t\t\t<div class=\"elementor-widget-container\">\n\t\t\t\t\t<h3 class=\"elementor-heading-title elementor-size-default\"><i>\"Some stories are born from a spark of inspiration.\"<\/i><br><br>\nAnd then there are stories like this one, which take shape slowly, day by day, until they become something extraordinary.\n\n<\/h3>\t\t\t\t<\/div>\n\t\t\t\t<\/div>\n\t\t\t\t\t<\/div>\n\t\t\t\t<\/div>\n\t\t<div class=\"elementor-element elementor-element-eb2d5f9 e-con-full e-flex e-con e-parent\" data-id=\"eb2d5f9\" data-element_type=\"container\" data-e-type=\"container\">\n\t\t\t\t<div class=\"elementor-element elementor-element-23d82d5 elementor-widget elementor-widget-heading\" data-id=\"23d82d5\" data-element_type=\"widget\" data-e-type=\"widget\" data-widget_type=\"heading.default\">\n\t\t\t\t<div class=\"elementor-widget-container\">\n\t\t\t\t\t<h2 class=\"elementor-heading-title elementor-size-default\">Our Story<\/h2>\t\t\t\t<\/div>\n\t\t\t\t<\/div>\n\t\t<div class=\"elementor-element elementor-element-53b883a e-grid e-con-boxed e-con e-child\" data-id=\"53b883a\" data-element_type=\"container\" data-e-type=\"container\">\n\t\t\t\t\t<div class=\"e-con-inner\">\n\t\t\t\t<div class=\"elementor-element elementor-element-331fd5f elementor-widget elementor-widget-text-editor\" data-id=\"331fd5f\" data-element_type=\"widget\" data-e-type=\"widget\" data-widget_type=\"text-editor.default\">\n\t\t\t\t<div class=\"elementor-widget-container\">\n\t\t\t\t\t\t\t\t\t<p>Questa \u00e8 la storia di una coppia che, per anni, aveva sognato di creare qualcosa insieme. Il momento decisivo arriv\u00f2 con il loro matrimonio, un evento che progettarono interamente da soli, curando ogni dettaglio con passione e dedizione. Dalla creazione degli inviti personalizzati fino all\u2019ultimo sorriso della giornata, compresero il valore della personalizzazione e della creativit\u00e0: piccoli gesti capaci di trasformare un evento in un\u2019esperienza unica. Da questa intuizione nacque <strong>Glam Twist Hub<\/strong>, un progetto inizialmente dedicato agli inviti personalizzati, ma che presto si espanse con il servizio di PhotoBooth, per catturare momenti di spontaneit\u00e0 e trasformarli in ricordi preziosi.<\/p>\t\t\t\t\t\t\t\t<\/div>\n\t\t\t\t<\/div>\n\t\t\t\t<div class=\"elementor-element elementor-element-63ce7cd elementor-widget elementor-widget-text-editor\" data-id=\"63ce7cd\" data-element_type=\"widget\" data-e-type=\"widget\" data-widget_type=\"text-editor.default\">\n\t\t\t\t<div class=\"elementor-widget-container\">\n\t\t\t\t\t\t\t\t\t<p>La loro passione e ambizione non si fermarono qui. Con il tempo, il catalogo dei servizi crebbe: personalizzazioni su magliette, gadget e incisioni, capaci di dare valore a ogni regalo o dettaglio. Poi arriv\u00f2 la creativit\u00e0 digitale, con la progettazione di siti web dedicati a chi vuole raccontare la propria storia o attivit\u00e0 con uno stile unico e professionale. Oggi, <strong>Glam Twist Hub<\/strong> \u00e8 un vero laboratorio di emozioni, dove ogni idea prende forma e ogni cliente diventa protagonista. Perch\u00e9 quando la creativit\u00e0 incontra il desiderio di rendere felici gli altri, ogni momento pu\u00f2 davvero trasformarsi in qualcosa di indimenticabile.<\/p>\t\t\t\t\t\t\t\t<\/div>\n\t\t\t\t<\/div>\n\t\t\t\t\t<\/div>\n\t\t\t\t<\/div>\n\t\t\t\t<\/div>\n\t\t<div class=\"elementor-element elementor-element-f384724 e-flex e-con-boxed e-con e-parent\" data-id=\"f384724\" data-element_type=\"container\" data-e-type=\"container\">\n\t\t\t\t\t<div class=\"e-con-inner\">\n\t\t\t\t<div class=\"elementor-element elementor-element-1f22112 elementor-widget-mobile__width-initial elementor-widget elementor-widget-heading\" data-id=\"1f22112\" data-element_type=\"widget\" data-e-type=\"widget\" data-widget_type=\"heading.default\">\n\t\t\t\t<div class=\"elementor-widget-container\">\n\t\t\t\t\t<h2 class=\"elementor-heading-title elementor-size-default\">Creative Minds and Passionate Hearts of Glam Twist Hub<\/h2>\t\t\t\t<\/div>\n\t\t\t\t<\/div>\n\t\t\t\t<div class=\"elementor-element elementor-element-7044c7c elementor-widget-mobile__width-initial elementor-widget elementor-widget-text-editor\" data-id=\"7044c7c\" data-element_type=\"widget\" data-e-type=\"widget\" data-widget_type=\"text-editor.default\">\n\t\t\t\t<div class=\"elementor-widget-container\">\n\t\t\t\t\t\t\t\t\t<p>Meet the Founders of Glam Twist Hub<\/p>\t\t\t\t\t\t\t\t<\/div>\n\t\t\t\t<\/div>\n\t\t\t\t\t<\/div>\n\t\t\t\t<\/div>\n\t\t<div class=\"elementor-element elementor-element-f469101 e-flex e-con-boxed e-con e-parent\" data-id=\"f469101\" data-element_type=\"container\" data-e-type=\"container\">\n\t\t\t\t\t<div class=\"e-con-inner\">\n\t\t<div class=\"elementor-element elementor-element-07ef57f e-con-full e-flex e-con e-child\" data-id=\"07ef57f\" data-element_type=\"container\" data-e-type=\"container\">\n\t\t\t\t<div class=\"elementor-element elementor-element-4f52f16 gallery-spacing-custom elementor-widget__width-initial elementor-hidden-tablet animated-slow elementor-invisible elementor-widget elementor-widget-image-gallery\" data-id=\"4f52f16\" data-element_type=\"widget\" data-e-type=\"widget\" data-settings=\"{&quot;_animation&quot;:&quot;slideInLeft&quot;}\" data-widget_type=\"image-gallery.default\">\n\t\t\t\t<div class=\"elementor-widget-container\">\n\t\t\t\t\t\t\t<div class=\"elementor-image-gallery\">\n\t\t\t<div id='gallery-1' class='gallery galleryid-1703 gallery-columns-1 gallery-size-medium'><figure class='gallery-item'>\n\t\t\t<div class='gallery-icon landscape'>\n\t\t\t\t<img fetchpriority=\"high\" decoding=\"async\" width=\"300\" height=\"300\" src=\"https:\/\/glamtwisthub.it\/wp-content\/uploads\/2025\/07\/Fondatrice-300x300.webp\" class=\"attachment-medium size-medium\" alt=\"Fondatrice Glam twist hub\" aria-describedby=\"gallery-1-6326\" srcset=\"\" sizes=\"(max-width: 300px) 100vw, 300px\" data-srcset=\"\" \/>\n\t\t\t<\/div>\n\t\t\t\t<figcaption class='wp-caption-text gallery-caption' id='gallery-1-6326'>\n\t\t\t\tTheresa Agyemang\n\t\t\t\t<\/figcaption><\/figure><figure class='gallery-item'>\n\t\t\t<div class='gallery-icon landscape'>\n\t\t\t\t<img decoding=\"async\" width=\"300\" height=\"300\" src=\"https:\/\/glamtwisthub.it\/wp-content\/uploads\/2025\/07\/Fondatore-300x300.webp\" class=\"attachment-medium size-medium\" alt=\"Fondatore di Glam Twist Hub\" aria-describedby=\"gallery-1-6325\" srcset=\"\" sizes=\"(max-width: 300px) 100vw, 300px\" data-srcset=\"\" \/>\n\t\t\t<\/div>\n\t\t\t\t<figcaption class='wp-caption-text gallery-caption' id='gallery-1-6325'>\n\t\t\t\tGodfred Dario Amankwaa\n\t\t\t\t<\/figcaption><\/figure>\n\t\t<\/div>\n\t\t<\/div>\n\t\t\t\t\t\t<\/div>\n\t\t\t\t<\/div>\n\t\t\t\t<div class=\"elementor-element elementor-element-7c985a2 gallery-spacing-custom elementor-widget__width-initial elementor-hidden-desktop elementor-hidden-mobile elementor-widget elementor-widget-image-gallery\" data-id=\"7c985a2\" data-element_type=\"widget\" data-e-type=\"widget\" data-widget_type=\"image-gallery.default\">\n\t\t\t\t<div class=\"elementor-widget-container\">\n\t\t\t\t\t\t\t<div class=\"elementor-image-gallery\">\n\t\t\t<div id='gallery-2' class='gallery galleryid-1703 gallery-columns-2 gallery-size-medium'><figure class='gallery-item'>\n\t\t\t<div class='gallery-icon landscape'>\n\t\t\t\t<img decoding=\"async\" width=\"300\" height=\"300\" src=\"https:\/\/glamtwisthub.it\/wp-content\/uploads\/2025\/07\/Fondatrice-300x300.webp\" class=\"attachment-medium size-medium\" alt=\"Fondatrice Glam twist hub\" aria-describedby=\"gallery-2-6326\" srcset=\"\" sizes=\"(max-width: 300px) 100vw, 300px\" data-srcset=\"\" \/>\n\t\t\t<\/div>\n\t\t\t\t<figcaption class='wp-caption-text gallery-caption' id='gallery-2-6326'>\n\t\t\t\tTheresa Agyemang\n\t\t\t\t<\/figcaption><\/figure><figure class='gallery-item'>\n\t\t\t<div class='gallery-icon landscape'>\n\t\t\t\t<img loading=\"lazy\" decoding=\"async\" width=\"300\" height=\"300\" src=\"https:\/\/glamtwisthub.it\/wp-content\/uploads\/2025\/07\/Fondatore-300x300.webp\" class=\"attachment-medium size-medium\" alt=\"Fondatore di Glam Twist Hub\" aria-describedby=\"gallery-2-6325\" srcset=\"\" sizes=\"(max-width: 300px) 100vw, 300px\" data-srcset=\"\" \/>\n\t\t\t<\/div>\n\t\t\t\t<figcaption class='wp-caption-text gallery-caption' id='gallery-2-6325'>\n\t\t\t\tGodfred Dario Amankwaa\n\t\t\t\t<\/figcaption><\/figure>\n\t\t<\/div>\n\t\t<\/div>\n\t\t\t\t\t\t<\/div>\n\t\t\t\t<\/div>\n\t\t\t\t<\/div>\n\t\t<div class=\"elementor-element elementor-element-214f239 e-con-full e-flex e-con e-child\" data-id=\"214f239\" data-element_type=\"container\" data-e-type=\"container\">\n\t\t\t\t<div class=\"elementor-element elementor-element-acb20d1 animated-fast elementor-invisible elementor-widget elementor-widget-heading\" data-id=\"acb20d1\" data-element_type=\"widget\" data-e-type=\"widget\" data-settings=\"{&quot;_animation&quot;:&quot;slideInRight&quot;}\" data-widget_type=\"heading.default\">\n\t\t\t\t<div class=\"elementor-widget-container\">\n\t\t\t\t\t<h3 class=\"elementor-heading-title elementor-size-default\">Our Mission<\/h3>\t\t\t\t<\/div>\n\t\t\t\t<\/div>\n\t\t\t\t<div class=\"elementor-element elementor-element-9e0263a animated-fast elementor-invisible elementor-widget elementor-widget-text-editor\" data-id=\"9e0263a\" data-element_type=\"widget\" data-e-type=\"widget\" data-settings=\"{&quot;_animation&quot;:&quot;slideInRight&quot;}\" data-widget_type=\"text-editor.default\">\n\t\t\t\t<div class=\"elementor-widget-container\">\n\t\t\t\t\t\t\t\t\t<p><strong>Crediamo che ogni evento meriti di diventare un\u2019esperienza irripetibile.<\/strong> Attraverso i nostri servizi \u2013 dal photobooth alla personalizzazione grafica \u2013 diamo forma ai tuoi momenti speciali con stile, tecnologia e cura artigianale del dettaglio. Il nostro impegno \u00e8 creare qualcosa che parli davvero di te: elegante, emozionante, autentico.<\/p>\t\t\t\t\t\t\t\t<\/div>\n\t\t\t\t<\/div>\n\t\t\t\t<div class=\"elementor-element elementor-element-6cc4469 elementor-invisible elementor-widget elementor-widget-heading\" data-id=\"6cc4469\" data-element_type=\"widget\" data-e-type=\"widget\" data-settings=\"{&quot;_animation&quot;:&quot;slideInRight&quot;}\" data-widget_type=\"heading.default\">\n\t\t\t\t<div class=\"elementor-widget-container\">\n\t\t\t\t\t<h3 class=\"elementor-heading-title elementor-size-default\">Pi\u00f9 di un Fornitore: un Partner Creativo<\/h3>\t\t\t\t<\/div>\n\t\t\t\t<\/div>\n\t\t\t\t<div class=\"elementor-element elementor-element-9586e97 elementor-invisible elementor-widget elementor-widget-text-editor\" data-id=\"9586e97\" data-element_type=\"widget\" data-e-type=\"widget\" data-settings=\"{&quot;_animation&quot;:&quot;slideInRight&quot;}\" data-widget_type=\"text-editor.default\">\n\t\t\t\t<div class=\"elementor-widget-container\">\n\t\t\t\t\t\t\t\t\t<p><strong data-start=\"1194\" data-end=\"1250\">Ogni progetto \u00e8 il risultato di un lavoro condiviso.<\/strong><br data-start=\"1250\" data-end=\"1253\" \/>Che tu sia un wedding planner, un organizzatore di eventi o un cliente privato, il nostro approccio \u00e8 basato sull\u2019ascolto e sulla collaborazione. Offriamo flessibilit\u00e0, precisione nei tempi e una comunicazione trasparente, per lavorare in sinergia e raggiungere insieme un unico obiettivo: un evento impeccabile. Siamo il partner che ti supporta con soluzioni creative, affidabili e su misura.<\/p>\t\t\t\t\t\t\t\t<\/div>\n\t\t\t\t<\/div>\n\t\t\t\t<div class=\"elementor-element elementor-element-13299c6 animated-slow elementor-invisible elementor-widget elementor-widget-heading\" data-id=\"13299c6\" data-element_type=\"widget\" data-e-type=\"widget\" data-settings=\"{&quot;_animation&quot;:&quot;slideInRight&quot;}\" data-widget_type=\"heading.default\">\n\t\t\t\t<div class=\"elementor-widget-container\">\n\t\t\t\t\t<h3 class=\"elementor-heading-title elementor-size-default\">Perch\u00e9 Sceglierci?<\/h3>\t\t\t\t<\/div>\n\t\t\t\t<\/div>\n\t\t\t\t<div class=\"elementor-element elementor-element-46ad2c9 animated-slow elementor-invisible elementor-widget elementor-widget-text-editor\" data-id=\"46ad2c9\" data-element_type=\"widget\" data-e-type=\"widget\" data-settings=\"{&quot;_animation&quot;:&quot;slideInRight&quot;}\" data-widget_type=\"text-editor.default\">\n\t\t\t\t<div class=\"elementor-widget-container\">\n\t\t\t\t\t\t\t\t\t<p>Perch\u00e9 <strong data-start=\"1321\" data-end=\"1362\">we listen, understand, and personalize.<\/strong>. <br \/>Ogni cliente \u00e8 unico, e ogni evento \u00e8 il riflesso di una storia diversa. Offriamo un\u2019esperienza costruita attorno a te: tempi flessibili, soluzioni personalizzate, attenzione al dettaglio e una comunicazione costante. Con noi, non affidi solo un servizio, ma vivi un\u2019esperienza che ti rispecchia completamente.<\/p>\t\t\t\t\t\t\t\t<\/div>\n\t\t\t\t<\/div>\n\t\t\t\t<\/div>\n\t\t\t\t\t<\/div>\n\t\t\t\t<\/div>\n\t\t<div class=\"elementor-element elementor-element-6497e982 e-flex e-con-boxed e-con e-parent\" data-id=\"6497e982\" data-element_type=\"container\" data-e-type=\"container\" data-settings=\"{&quot;background_background&quot;:&quot;gradient&quot;}\">\n\t\t\t\t\t<div class=\"e-con-inner\">\n\t\t<div class=\"elementor-element elementor-element-9d1fb62 e-con-full e-flex e-con e-child\" data-id=\"9d1fb62\" data-element_type=\"container\" data-e-type=\"container\" data-settings=\"{&quot;background_background&quot;:&quot;classic&quot;}\">\n\t\t\t\t<div class=\"elementor-element elementor-element-1f991efe elementor-widget__width-initial elementor-widget-mobile__width-initial elementor-invisible elementor-widget elementor-widget-heading\" data-id=\"1f991efe\" data-element_type=\"widget\" data-e-type=\"widget\" data-settings=\"{&quot;_animation&quot;:&quot;slideInDown&quot;}\" data-widget_type=\"heading.default\">\n\t\t\t\t<div class=\"elementor-widget-container\">\n\t\t\t\t\t<h2 class=\"elementor-heading-title elementor-size-default\">Together, we create something truly extraordinary.<\/h2>\t\t\t\t<\/div>\n\t\t\t\t<\/div>\n\t\t\t\t<div class=\"elementor-element elementor-element-1a2c58f elementor-widget-tablet__width-initial elementor-invisible elementor-widget elementor-widget-text-editor\" data-id=\"1a2c58f\" data-element_type=\"widget\" data-e-type=\"widget\" data-settings=\"{&quot;_animation&quot;:&quot;fadeInDown&quot;}\" data-widget_type=\"text-editor.default\">\n\t\t\t\t<div class=\"elementor-widget-container\">\n\t\t\t\t\t\t\t\t\t<p>Contattaci via email per iniziare insieme il tuo progetto su misura. Il nostro team \u00e8 pronto ad aiutarti a trasformare le tue idee in realt\u00e0.<\/p>\t\t\t\t\t\t\t\t<\/div>\n\t\t\t\t<\/div>\n\t\t\t\t<div class=\"elementor-element elementor-element-3196164e elementor-align-center elementor-mobile-align-center elementor-invisible elementor-widget elementor-widget-button\" data-id=\"3196164e\" data-element_type=\"widget\" data-e-type=\"widget\" data-settings=\"{&quot;_animation&quot;:&quot;fadeInUp&quot;}\" data-widget_type=\"button.default\">\n\t\t\t\t<div class=\"elementor-widget-container\">\n\t\t\t\t\t\t\t\t\t<div class=\"elementor-button-wrapper\">\n\t\t\t\t\t<a class=\"elementor-button elementor-button-link elementor-size-sm elementor-animation-grow\" href=\"https:\/\/glamtwisthub.it\/en\/contact\/\">\n\t\t\t\t\t\t<span class=\"elementor-button-content-wrapper\">\n\t\t\t\t\t\t\t\t\t<span class=\"elementor-button-text\">Let\u2019s talk<\/span>\n\t\t\t\t\t<\/span>\n\t\t\t\t\t<\/a>\n\t\t\t\t<\/div>\n\t\t\t\t\t\t\t\t<\/div>\n\t\t\t\t<\/div>\n\t\t\t\t<\/div>\n\t\t\t\t\t<\/div>\n\t\t\t\t<\/div>\n\t\t\t\t<\/div>","protected":false},"excerpt":{"rendered":"<p>Pellentesque tincidunt tristique neque, eget venenatis enim gravida quis. Fusce at egestas libero. Cras convallis egestas ullamcorper suspens.<\/p>","protected":false},"author":1,"featured_media":0,"parent":0,"menu_order":2,"comment_status":"closed","ping_status":"closed","template":"","meta":{"two_page_speed":{"current_score":{"desktop_score":100,"desktop_tti":"0.3\u00a0","mobile_score":100,"mobile_tti":"1.1\u00a0","date":"24.11.2025 03:04:58 am","status":"completed"}},"footnotes":""},"class_list":["post-1703","page","type-page","status-publish","hentry"],"blocksy_meta":{"styles_descriptor":{"styles":{"desktop":"","tablet":"","mobile":""},"google_fonts":[],"version":6}},"yoast_head":"<!-- This site is optimized with the Yoast SEO plugin v27.5 - https:\/\/yoast.com\/product\/yoast-seo-wordpress\/ -->\n<title>Chi Siamo - Glam Twist Hub<\/title>\n<meta name=\"description\" content=\"Scopri la storia di Glam Twist Hub, il nostro impegno nella creazione di eventi unici attraverso servizi personalizzati come PhotoBooth, inviti esclusivi, personalizzazioni artigianali e siti web professionali.\" \/>\n<meta name=\"robots\" content=\"index, follow, max-snippet:-1, max-image-preview:large, max-video-preview:-1\" \/>\n<link rel=\"canonical\" href=\"https:\/\/glamtwisthub.it\/en\/about-us\/\" \/>\n<meta property=\"og:locale\" content=\"en_GB\" \/>\n<meta property=\"og:type\" content=\"article\" \/>\n<meta property=\"og:title\" content=\"Chi Siamo - Glam Twist Hub\" \/>\n<meta property=\"og:description\" content=\"Scopri la storia di Glam Twist Hub, il nostro impegno nella creazione di eventi unici attraverso servizi personalizzati come PhotoBooth, inviti esclusivi, personalizzazioni artigianali e siti web professionali.\" \/>\n<meta property=\"og:url\" content=\"https:\/\/glamtwisthub.it\/en\/about-us\/\" \/>\n<meta property=\"og:site_name\" content=\"Glam Twist Hub\" \/>\n<meta property=\"article:modified_time\" content=\"2025-11-24T02:04:33+00:00\" \/>\n<meta property=\"og:image\" content=\"https:\/\/glamtwisthub.it\/wp-content\/uploads\/2025\/07\/Fondatrice-300x300.webp\" \/>\n<meta name=\"twitter:card\" content=\"summary_large_image\" \/>\n<meta name=\"twitter:label1\" content=\"Estimated reading time\" \/>\n\t<meta name=\"twitter:data1\" content=\"3 minutes\" \/>\n<script type=\"application\/ld+json\" class=\"yoast-schema-graph\">{\"@context\":\"https:\\\/\\\/schema.org\",\"@graph\":[{\"@type\":\"WebPage\",\"@id\":\"https:\\\/\\\/glamtwisthub.it\\\/en\\\/about-us\\\/\",\"url\":\"https:\\\/\\\/glamtwisthub.it\\\/en\\\/about-us\\\/\",\"name\":\"Chi Siamo - Glam Twist Hub\",\"isPartOf\":{\"@id\":\"https:\\\/\\\/glamtwisthub.it\\\/#website\"},\"primaryImageOfPage\":{\"@id\":\"https:\\\/\\\/glamtwisthub.it\\\/en\\\/about-us\\\/#primaryimage\"},\"image\":{\"@id\":\"https:\\\/\\\/glamtwisthub.it\\\/en\\\/about-us\\\/#primaryimage\"},\"thumbnailUrl\":\"https:\\\/\\\/glamtwisthub.it\\\/wp-content\\\/uploads\\\/2025\\\/07\\\/Fondatrice-300x300.webp\",\"datePublished\":\"2022-06-09T17:18:39+00:00\",\"dateModified\":\"2025-11-24T02:04:33+00:00\",\"description\":\"Scopri la storia di Glam Twist Hub, il nostro impegno nella creazione di eventi unici attraverso servizi personalizzati come PhotoBooth, inviti esclusivi, personalizzazioni artigianali e siti web professionali.\",\"breadcrumb\":{\"@id\":\"https:\\\/\\\/glamtwisthub.it\\\/en\\\/about-us\\\/#breadcrumb\"},\"inLanguage\":\"en-GB\",\"potentialAction\":[{\"@type\":\"ReadAction\",\"target\":[\"https:\\\/\\\/glamtwisthub.it\\\/en\\\/about-us\\\/\"]}]},{\"@type\":\"ImageObject\",\"inLanguage\":\"en-GB\",\"@id\":\"https:\\\/\\\/glamtwisthub.it\\\/en\\\/about-us\\\/#primaryimage\",\"url\":\"https:\\\/\\\/glamtwisthub.it\\\/wp-content\\\/uploads\\\/2025\\\/07\\\/Fondatrice-300x300.webp\",\"contentUrl\":\"https:\\\/\\\/glamtwisthub.it\\\/wp-content\\\/uploads\\\/2025\\\/07\\\/Fondatrice-300x300.webp\"},{\"@type\":\"BreadcrumbList\",\"@id\":\"https:\\\/\\\/glamtwisthub.it\\\/en\\\/about-us\\\/#breadcrumb\",\"itemListElement\":[{\"@type\":\"ListItem\",\"position\":1,\"name\":\"Home\",\"item\":\"https:\\\/\\\/glamtwisthub.it\\\/en\\\/\"},{\"@type\":\"ListItem\",\"position\":2,\"name\":\"Chi Siamo\"}]},{\"@type\":\"WebSite\",\"@id\":\"https:\\\/\\\/glamtwisthub.it\\\/#website\",\"url\":\"https:\\\/\\\/glamtwisthub.it\\\/\",\"name\":\"www.glamtwisthub.it\",\"description\":\"Magliette. Inviti. Scatti. Emozioni \u2013 tutto comincia qui.\",\"publisher\":{\"@id\":\"https:\\\/\\\/glamtwisthub.it\\\/#organization\"},\"potentialAction\":[{\"@type\":\"SearchAction\",\"target\":{\"@type\":\"EntryPoint\",\"urlTemplate\":\"https:\\\/\\\/glamtwisthub.it\\\/?s={search_term_string}\"},\"query-input\":{\"@type\":\"PropertyValueSpecification\",\"valueRequired\":true,\"valueName\":\"search_term_string\"}}],\"inLanguage\":\"en-GB\"},{\"@type\":\"Organization\",\"@id\":\"https:\\\/\\\/glamtwisthub.it\\\/#organization\",\"name\":\"GlamTwist Hub\",\"url\":\"https:\\\/\\\/glamtwisthub.it\\\/\",\"logo\":{\"@type\":\"ImageObject\",\"inLanguage\":\"en-GB\",\"@id\":\"https:\\\/\\\/glamtwisthub.it\\\/#\\\/schema\\\/logo\\\/image\\\/\",\"url\":\"https:\\\/\\\/glamtwisthub.it\\\/wp-content\\\/uploads\\\/2024\\\/11\\\/167483E4-4B5B-4943-9774-4BB963411606.png\",\"contentUrl\":\"https:\\\/\\\/glamtwisthub.it\\\/wp-content\\\/uploads\\\/2024\\\/11\\\/167483E4-4B5B-4943-9774-4BB963411606.png\",\"width\":512,\"height\":512,\"caption\":\"GlamTwist Hub\"},\"image\":{\"@id\":\"https:\\\/\\\/glamtwisthub.it\\\/#\\\/schema\\\/logo\\\/image\\\/\"},\"sameAs\":[\"https:\\\/\\\/www.instagram.com\\\/glamtwist_hub?igsh=OXY5d2Rpd2J1d3A4&utm_source=qr\",\"http:\\\/\\\/www.tiktok.com\\\/@glam.twist.hub?_t=8rmjV3cH6x7&_r=1\"]}]}<\/script>\n<!-- \/ Yoast SEO plugin. -->","yoast_head_json":{"title":"Chi Siamo - Glam Twist Hub","description":"Scopri la storia di Glam Twist Hub, il nostro impegno nella creazione di eventi unici attraverso servizi personalizzati come PhotoBooth, inviti esclusivi, personalizzazioni artigianali e siti web professionali.","robots":{"index":"index","follow":"follow","max-snippet":"max-snippet:-1","max-image-preview":"max-image-preview:large","max-video-preview":"max-video-preview:-1"},"canonical":"https:\/\/glamtwisthub.it\/en\/about-us\/","og_locale":"en_GB","og_type":"article","og_title":"Chi Siamo - Glam Twist Hub","og_description":"Scopri la storia di Glam Twist Hub, il nostro impegno nella creazione di eventi unici attraverso servizi personalizzati come PhotoBooth, inviti esclusivi, personalizzazioni artigianali e siti web professionali.","og_url":"https:\/\/glamtwisthub.it\/en\/about-us\/","og_site_name":"Glam Twist Hub","article_modified_time":"2025-11-24T02:04:33+00:00","og_image":[{"url":"https:\/\/glamtwisthub.it\/wp-content\/uploads\/2025\/07\/Fondatrice-300x300.webp","type":"","width":"","height":""}],"twitter_card":"summary_large_image","twitter_misc":{"Estimated reading time":"3 minutes"},"schema":{"@context":"https:\/\/schema.org","@graph":[{"@type":"WebPage","@id":"https:\/\/glamtwisthub.it\/en\/about-us\/","url":"https:\/\/glamtwisthub.it\/en\/about-us\/","name":"Chi Siamo - Glam Twist Hub","isPartOf":{"@id":"https:\/\/glamtwisthub.it\/#website"},"primaryImageOfPage":{"@id":"https:\/\/glamtwisthub.it\/en\/about-us\/#primaryimage"},"image":{"@id":"https:\/\/glamtwisthub.it\/en\/about-us\/#primaryimage"},"thumbnailUrl":"https:\/\/glamtwisthub.it\/wp-content\/uploads\/2025\/07\/Fondatrice-300x300.webp","datePublished":"2022-06-09T17:18:39+00:00","dateModified":"2025-11-24T02:04:33+00:00","description":"Scopri la storia di Glam Twist Hub, il nostro impegno nella creazione di eventi unici attraverso servizi personalizzati come PhotoBooth, inviti esclusivi, personalizzazioni artigianali e siti web professionali.","breadcrumb":{"@id":"https:\/\/glamtwisthub.it\/en\/about-us\/#breadcrumb"},"inLanguage":"en-GB","potentialAction":[{"@type":"ReadAction","target":["https:\/\/glamtwisthub.it\/en\/about-us\/"]}]},{"@type":"ImageObject","inLanguage":"en-GB","@id":"https:\/\/glamtwisthub.it\/en\/about-us\/#primaryimage","url":"https:\/\/glamtwisthub.it\/wp-content\/uploads\/2025\/07\/Fondatrice-300x300.webp","contentUrl":"https:\/\/glamtwisthub.it\/wp-content\/uploads\/2025\/07\/Fondatrice-300x300.webp"},{"@type":"BreadcrumbList","@id":"https:\/\/glamtwisthub.it\/en\/about-us\/#breadcrumb","itemListElement":[{"@type":"ListItem","position":1,"name":"Home","item":"https:\/\/glamtwisthub.it\/en\/"},{"@type":"ListItem","position":2,"name":"Chi Siamo"}]},{"@type":"WebSite","@id":"https:\/\/glamtwisthub.it\/#website","url":"https:\/\/glamtwisthub.it\/","name":"www.glamtwisthub.it","description":"Magliette. Inviti. Scatti. Emozioni \u2013 tutto comincia qui.","publisher":{"@id":"https:\/\/glamtwisthub.it\/#organization"},"potentialAction":[{"@type":"SearchAction","target":{"@type":"EntryPoint","urlTemplate":"https:\/\/glamtwisthub.it\/?s={search_term_string}"},"query-input":{"@type":"PropertyValueSpecification","valueRequired":true,"valueName":"search_term_string"}}],"inLanguage":"en-GB"},{"@type":"Organization","@id":"https:\/\/glamtwisthub.it\/#organization","name":"GlamTwist Hub","url":"https:\/\/glamtwisthub.it\/","logo":{"@type":"ImageObject","inLanguage":"en-GB","@id":"https:\/\/glamtwisthub.it\/#\/schema\/logo\/image\/","url":"https:\/\/glamtwisthub.it\/wp-content\/uploads\/2024\/11\/167483E4-4B5B-4943-9774-4BB963411606.png","contentUrl":"https:\/\/glamtwisthub.it\/wp-content\/uploads\/2024\/11\/167483E4-4B5B-4943-9774-4BB963411606.png","width":512,"height":512,"caption":"GlamTwist Hub"},"image":{"@id":"https:\/\/glamtwisthub.it\/#\/schema\/logo\/image\/"},"sameAs":["https:\/\/www.instagram.com\/glamtwist_hub?igsh=OXY5d2Rpd2J1d3A4&utm_source=qr","http:\/\/www.tiktok.com\/@glam.twist.hub?_t=8rmjV3cH6x7&_r=1"]}]}},"_links":{"self":[{"href":"https:\/\/glamtwisthub.it\/en\/wp-json\/wp\/v2\/pages\/1703","targetHints":{"allow":["GET"]}}],"collection":[{"href":"https:\/\/glamtwisthub.it\/en\/wp-json\/wp\/v2\/pages"}],"about":[{"href":"https:\/\/glamtwisthub.it\/en\/wp-json\/wp\/v2\/types\/page"}],"author":[{"embeddable":true,"href":"https:\/\/glamtwisthub.it\/en\/wp-json\/wp\/v2\/users\/1"}],"replies":[{"embeddable":true,"href":"https:\/\/glamtwisthub.it\/en\/wp-json\/wp\/v2\/comments?post=1703"}],"version-history":[{"count":519,"href":"https:\/\/glamtwisthub.it\/en\/wp-json\/wp\/v2\/pages\/1703\/revisions"}],"predecessor-version":[{"id":7271,"href":"https:\/\/glamtwisthub.it\/en\/wp-json\/wp\/v2\/pages\/1703\/revisions\/7271"}],"wp:attachment":[{"href":"https:\/\/glamtwisthub.it\/en\/wp-json\/wp\/v2\/media?parent=1703"}],"curies":[{"name":"wp","href":"https:\/\/api.w.org\/{rel}","templated":true}]}}